{"id":8220,"date":"2022-09-13T09:20:07","date_gmt":"2022-09-13T09:20:07","guid":{"rendered":"https:\/\/www.clearvision-laser.ch\/?page_id=8220"},"modified":"2022-10-04T14:31:09","modified_gmt":"2022-10-04T14:31:09","slug":"warum-augenlasern","status":"publish","type":"page","link":"https:\/\/www.clearvision-laser.ch\/de\/augenlasern\/warum-augenlasern\/","title":{"rendered":"Warum Augenlasern"},"content":{"rendered":"<div itemscope itemtype=\"http:\/\/schema.org\/Article\" class=\"header-small-block container1200 mb120 mt120\"><div class=\"container\" > <div class=\"content\" > <div class=\"header-small-block-wrap\" > <div class=\"header-small-block__content\" > <h1 itemprop=\"name\" class=\"header-small-block__name semiBold h3\" > <span class=\"header-small-block__title h3\" > Warum Augenlasern &#8211;<\/span><br>Vorteile und Risiken auf einen Blick<\/h1 > <p class=\"header-small-block__subtitle mt16\" > <\/p > <\/div > <div class=\"header-small-block__image\" > <img loading=\"lazy\" decoding=\"async\" width=\"600\" height=\"348\" src=\"https:\/\/www.clearvision-laser.ch\/app\/uploads\/2022\/08\/augenlasern-bei-fehlsichtigkeit-augenaerzte-aarau-1.jpg\" class=\"img__small__header\" alt=\"\" srcset=\"https:\/\/www.clearvision-laser.ch\/app\/uploads\/2022\/08\/augenlasern-bei-fehlsichtigkeit-augenaerzte-aarau-1.jpg 600w, https:\/\/www.clearvision-laser.ch\/app\/uploads\/2022\/08\/augenlasern-bei-fehlsichtigkeit-augenaerzte-aarau-1-300x174.jpg 300w\" sizes=\"auto, (max-width: 600px) 100vw, 600px\" \/><\/div > <\/div > <\/div > <\/div > <\/div > \n\n<div class=\"title-content-block container1364 mb120 mt120\"><div class=\"container\"><div class=\"content\"><div class=\"mt24 mb24 max830 preloaded__content fade\"><h2>Die Vorteile<\/h2>\n<\/div><div class=\"mt24 mb24 max830 preloaded__content fade\"><p>Viele Brillen- und Kontaktlinsentr\u00e4ger:innen tr\u00e4umen von den Annehmlichkeiten eines Lebens ohne Sehhilfe wie:<\/p>\n<\/div><div class=\"mt24 mb24 max830\"><ul><li class=\"mb24\">Schwimmen ohne Brille<p>Beim Sprung ins Meer oder im Freibad die Augen zukneifen m\u00fcssen, damit die Kontaktlinsen nicht davonschwimmen? Vergangenheit.<\/p><\/li><li class=\"mb24\">Klare Sicht \u2013 immer und \u00fcberall<p>Beschlagene Brille im Winter, beim Sport, oder in der Sauna? Das ist vorbei.<\/p><\/li><li class=\"mb24\">Ungehindert beim Sport durchstarten<p>Fussballspielen, Skifahren, oder im Sommer spontan im Freien \u00fcbernachten? Angst um die Brille oder keine Linsenfl\u00fcssigkeit dabei? Egal.<\/p><\/li><\/ul><\/div><div class=\"mt24 mb24 max830 preloaded__content fade\"><h2>Die Risiken \u2013 Das m\u00fcssen Sie wissen<\/h2>\n<\/div><div class=\"mt24 mb24 max830 preloaded__content fade\"><p>Wie bei jedem medizinischen Eingriff gibt es auch beim Augenlasern gewisse Risiken. Was trotz Risiken f\u00fcr ClearVision spricht:<\/p>\n<\/div><div class=\"mt24 mb24 max830\"><ul><li class=\"mb24\">Erfahrung<p>Die operative Behandlung von Kurz- oder Weitsichtigkeit mittels Augenlaser geh\u00f6rt zu den h\u00e4ufigsten elektiven Eingriffen der Welt und wird seit \u00fcber 30 Jahren praktiziert.<\/p><\/li><li class=\"mb24\">Routineeingriffe<p>S\u00e4mtliche bei ClearVision angebotenen Operationsmethoden haben ein rigoroses Zulassungsverfahren durchlaufen und sind etablierte Routineeingriffe. Wie bei jedem medizinischen Eingriff gibt es gewisse Risiken zu beachten.<\/p><\/li><li class=\"mb24\">Kleine Komplikationen<p>In sehr seltenen F\u00e4llen kann ein Nachlasern erforderlich sein (Teil der Garantie &#8211; im Preis inbegriffen). Zudem k\u00f6nnen je nach Operationsmethode trockene Augen, erh\u00f6hte Lichtempfindlichkeit oder Lichtkreise (sogenannte \u201cHalos\u201d) auftreten.<\/p><\/li><li class=\"mb24\">Schwere Komplikationen<p>Schwere Komplikationen oder Langzeitbeeintr\u00e4chtigungen sind \u00e4usserst selten und k\u00f6nnen bei ClearVision dank ausf\u00fchrlichen Untersuchungsverfahren, hochqualifiziertem Personal sowie der Verwendung von modernsten Lasern nahezu ausgeschlossen werden.<\/p><\/li><\/ul><\/div><\/div><\/div><\/div>","protected":false},"excerpt":{"rendered":"","protected":false},"author":5,"featured_media":0,"parent":0,"menu_order":0,"comment_status":"closed","ping_status":"closed","template":"","meta":{"_acf_changed":false,"footnotes":""},"class_list":["post-8220","page","type-page","status-publish","hentry"],"acf":[],"yoast_head":"<!-- This site is optimized with the Yoast SEO plugin v26.2 - https:\/\/yoast.com\/wordpress\/plugins\/seo\/ -->\n<title>Warum Augenlasern - ClearVision Augenlasern<\/title>\n<meta name=\"robots\" content=\"index, follow, max-snippet:-1, max-image-preview:large, max-video-preview:-1\" \/>\n<link rel=\"canonical\" href=\"https:\/\/www.clearvision-laser.ch\/de\/augenlasern\/warum-augenlasern\/\" \/>\n<meta property=\"og:locale\" content=\"de_DE\" \/>\n<meta property=\"og:type\" content=\"article\" \/>\n<meta property=\"og:title\" content=\"Warum Augenlasern - ClearVision Augenlasern\" \/>\n<meta property=\"og:url\" content=\"https:\/\/www.clearvision-laser.ch\/de\/augenlasern\/warum-augenlasern\/\" \/>\n<meta property=\"og:site_name\" content=\"ClearVision Augenlasern\" \/>\n<meta property=\"article:modified_time\" content=\"2022-10-04T14:31:09+00:00\" \/>\n<meta name=\"twitter:card\" content=\"summary_large_image\" \/>\n<script type=\"application\/ld+json\" class=\"yoast-schema-graph\">{\"@context\":\"https:\/\/schema.org\",\"@graph\":[{\"@type\":\"WebPage\",\"@id\":\"https:\/\/www.clearvision-laser.ch\/de\/augenlasern\/warum-augenlasern\/\",\"url\":\"https:\/\/www.clearvision-laser.ch\/de\/augenlasern\/warum-augenlasern\/\",\"name\":\"Warum Augenlasern - ClearVision Augenlasern\",\"isPartOf\":{\"@id\":\"https:\/\/www.clearvision-laser.ch\/de\/#website\"},\"datePublished\":\"2022-09-13T09:20:07+00:00\",\"dateModified\":\"2022-10-04T14:31:09+00:00\",\"breadcrumb\":{\"@id\":\"https:\/\/www.clearvision-laser.ch\/de\/augenlasern\/warum-augenlasern\/#breadcrumb\"},\"inLanguage\":\"de-DE\",\"potentialAction\":[{\"@type\":\"ReadAction\",\"target\":[\"https:\/\/www.clearvision-laser.ch\/de\/augenlasern\/warum-augenlasern\/\"]}]},{\"@type\":\"BreadcrumbList\",\"@id\":\"https:\/\/www.clearvision-laser.ch\/de\/augenlasern\/warum-augenlasern\/#breadcrumb\",\"itemListElement\":[{\"@type\":\"ListItem\",\"position\":1,\"name\":\"Home\",\"item\":\"https:\/\/www.clearvision-laser.ch\/de\/\"},{\"@type\":\"ListItem\",\"position\":2,\"name\":\"Warum Augenlasern\"}]},{\"@type\":\"WebSite\",\"@id\":\"https:\/\/www.clearvision-laser.ch\/de\/#website\",\"url\":\"https:\/\/www.clearvision-laser.ch\/de\/\",\"name\":\"ClearVision Augenlasern\",\"description\":\"\",\"publisher\":{\"@id\":\"https:\/\/www.clearvision-laser.ch\/de\/#organization\"},\"potentialAction\":[{\"@type\":\"SearchAction\",\"target\":{\"@type\":\"EntryPoint\",\"urlTemplate\":\"https:\/\/www.clearvision-laser.ch\/de\/?s={search_term_string}\"},\"query-input\":{\"@type\":\"PropertyValueSpecification\",\"valueRequired\":true,\"valueName\":\"search_term_string\"}}],\"inLanguage\":\"de-DE\"},{\"@type\":\"Organization\",\"@id\":\"https:\/\/www.clearvision-laser.ch\/de\/#organization\",\"name\":\"ClearVision\",\"url\":\"https:\/\/www.clearvision-laser.ch\/de\/\",\"logo\":{\"@type\":\"ImageObject\",\"inLanguage\":\"de-DE\",\"@id\":\"https:\/\/www.clearvision-laser.ch\/de\/#\/schema\/logo\/image\/\",\"url\":\"https:\/\/www.clearvision-laser.ch\/app\/uploads\/2025\/11\/clearvision-logo.svg\",\"contentUrl\":\"https:\/\/www.clearvision-laser.ch\/app\/uploads\/2025\/11\/clearvision-logo.svg\",\"caption\":\"ClearVision\"},\"image\":{\"@id\":\"https:\/\/www.clearvision-laser.ch\/de\/#\/schema\/logo\/image\/\"}}]}<\/script>\n<!-- \/ Yoast SEO plugin. -->","yoast_head_json":{"title":"Warum Augenlasern - ClearVision Augenlasern","robots":{"index":"index","follow":"follow","max-snippet":"max-snippet:-1","max-image-preview":"max-image-preview:large","max-video-preview":"max-video-preview:-1"},"canonical":"https:\/\/www.clearvision-laser.ch\/de\/augenlasern\/warum-augenlasern\/","og_locale":"de_DE","og_type":"article","og_title":"Warum Augenlasern - ClearVision Augenlasern","og_url":"https:\/\/www.clearvision-laser.ch\/de\/augenlasern\/warum-augenlasern\/","og_site_name":"ClearVision Augenlasern","article_modified_time":"2022-10-04T14:31:09+00:00","twitter_card":"summary_large_image","schema":{"@context":"https:\/\/schema.org","@graph":[{"@type":"WebPage","@id":"https:\/\/www.clearvision-laser.ch\/de\/augenlasern\/warum-augenlasern\/","url":"https:\/\/www.clearvision-laser.ch\/de\/augenlasern\/warum-augenlasern\/","name":"Warum Augenlasern - ClearVision Augenlasern","isPartOf":{"@id":"https:\/\/www.clearvision-laser.ch\/de\/#website"},"datePublished":"2022-09-13T09:20:07+00:00","dateModified":"2022-10-04T14:31:09+00:00","breadcrumb":{"@id":"https:\/\/www.clearvision-laser.ch\/de\/augenlasern\/warum-augenlasern\/#breadcrumb"},"inLanguage":"de-DE","potentialAction":[{"@type":"ReadAction","target":["https:\/\/www.clearvision-laser.ch\/de\/augenlasern\/warum-augenlasern\/"]}]},{"@type":"BreadcrumbList","@id":"https:\/\/www.clearvision-laser.ch\/de\/augenlasern\/warum-augenlasern\/#breadcrumb","itemListElement":[{"@type":"ListItem","position":1,"name":"Home","item":"https:\/\/www.clearvision-laser.ch\/de\/"},{"@type":"ListItem","position":2,"name":"Warum Augenlasern"}]},{"@type":"WebSite","@id":"https:\/\/www.clearvision-laser.ch\/de\/#website","url":"https:\/\/www.clearvision-laser.ch\/de\/","name":"ClearVision Augenlasern","description":"","publisher":{"@id":"https:\/\/www.clearvision-laser.ch\/de\/#organization"},"potentialAction":[{"@type":"SearchAction","target":{"@type":"EntryPoint","urlTemplate":"https:\/\/www.clearvision-laser.ch\/de\/?s={search_term_string}"},"query-input":{"@type":"PropertyValueSpecification","valueRequired":true,"valueName":"search_term_string"}}],"inLanguage":"de-DE"},{"@type":"Organization","@id":"https:\/\/www.clearvision-laser.ch\/de\/#organization","name":"ClearVision","url":"https:\/\/www.clearvision-laser.ch\/de\/","logo":{"@type":"ImageObject","inLanguage":"de-DE","@id":"https:\/\/www.clearvision-laser.ch\/de\/#\/schema\/logo\/image\/","url":"https:\/\/www.clearvision-laser.ch\/app\/uploads\/2025\/11\/clearvision-logo.svg","contentUrl":"https:\/\/www.clearvision-laser.ch\/app\/uploads\/2025\/11\/clearvision-logo.svg","caption":"ClearVision"},"image":{"@id":"https:\/\/www.clearvision-laser.ch\/de\/#\/schema\/logo\/image\/"}}]}},"_links":{"self":[{"href":"https:\/\/www.clearvision-laser.ch\/de\/wp-json\/wp\/v2\/pages\/8220","targetHints":{"allow":["GET"]}}],"collection":[{"href":"https:\/\/www.clearvision-laser.ch\/de\/wp-json\/wp\/v2\/pages"}],"about":[{"href":"https:\/\/www.clearvision-laser.ch\/de\/wp-json\/wp\/v2\/types\/page"}],"author":[{"embeddable":true,"href":"https:\/\/www.clearvision-laser.ch\/de\/wp-json\/wp\/v2\/users\/5"}],"replies":[{"embeddable":true,"href":"https:\/\/www.clearvision-laser.ch\/de\/wp-json\/wp\/v2\/comments?post=8220"}],"version-history":[{"count":17,"href":"https:\/\/www.clearvision-laser.ch\/de\/wp-json\/wp\/v2\/pages\/8220\/revisions"}],"predecessor-version":[{"id":9435,"href":"https:\/\/www.clearvision-laser.ch\/de\/wp-json\/wp\/v2\/pages\/8220\/revisions\/9435"}],"wp:attachment":[{"href":"https:\/\/www.clearvision-laser.ch\/de\/wp-json\/wp\/v2\/media?parent=8220"}],"curies":[{"name":"wp","href":"https:\/\/api.w.org\/{rel}","templated":true}]}}