{"id":277,"date":"2022-07-29T13:30:54","date_gmt":"2022-07-29T13:30:54","guid":{"rendered":"https:\/\/www.clearvision-laser.ch\/?page_id=277"},"modified":"2025-12-11T10:40:24","modified_gmt":"2025-12-11T09:40:24","slug":"wissenwertes","status":"publish","type":"page","link":"https:\/\/www.clearvision-laser.ch\/de\/wissen\/","title":{"rendered":"Wissenwertes"},"content":{"rendered":"<div class=\"title-content-block container1364 mb120 mt120\"><div class=\"container\"><div class=\"content\"><div class=\"mt24 mb24 max830 preloaded__content fade\"><h2>Wissenswertes<\/h2>\n<\/div><\/div><\/div><\/div>\n\n<div class=\"query-all-useful-information-block container1364 mt120\"><div class=\"container\"><div class=\"content\"><div class=\"query-all-useful-information-block-wrap mt32  \"><div class=\"card-element useful-information-card \"><a href=\"https:\/\/www.clearvision-laser.ch\/de\/wissen\/kostenuebernahme-durch-krankenkassen\/\" class=\"wrapper-link\"><div class=\"card-element-wrap useful-information-card-wrap\"><div class=\"card-element-wrap__image useful-information-card-wrap__image\"><img loading=\"lazy\" decoding=\"async\" width=\"709\" height=\"410\" src=\"https:\/\/www.clearvision-laser.ch\/app\/uploads\/2022\/08\/Spaltlampe_junger_Mann.jpg\" class=\"img__card-element wp-post-image\" alt=\"\" srcset=\"https:\/\/www.clearvision-laser.ch\/app\/uploads\/2022\/08\/Spaltlampe_junger_Mann.jpg 709w, https:\/\/www.clearvision-laser.ch\/app\/uploads\/2022\/08\/Spaltlampe_junger_Mann-300x173.jpg 300w\" sizes=\"auto, (max-width: 709px) 100vw, 709px\" \/><\/div><div class=\"card-element-wrap__content useful-information-card-wrap__content\"><div class=\"card-element-wrap__inner useful-information-card-wrap__inner\"><h5 class=\"card-element-wrap__content-title useful-information-card-wrap__content-title semiBold\">Kosten\u00fcbernahme durch Krankenkassen<\/h5><p class=\"useful-information-card-wrap__content-excerpt mt8\">Die meisten Krankenkassen in der Schweiz beteiligen sich an den Kosten f\u00fcr eine Sehhilfe &#8211; sei dies ein Beitrag an eine Brille, an Kontaktlinsen oder in einigen F\u00e4llen an eine Augenlaserbehandlung (refraktiv-chirurgischer Eingriff).<\/p><div class=\"button-wrap mt16\"><span class=\"button fill icon arrow\">Zum Artikel<\/span><\/div><\/div><\/div><\/div><\/a><\/div><div class=\"card-element useful-information-card \"><a href=\"https:\/\/www.clearvision-laser.ch\/de\/wissen\/die-angst-vorm-augenlasern-muesste-nicht-sein\/\" class=\"wrapper-link\"><div class=\"card-element-wrap useful-information-card-wrap\"><div class=\"card-element-wrap__image useful-information-card-wrap__image\"><img loading=\"lazy\" decoding=\"async\" width=\"730\" height=\"410\" src=\"https:\/\/www.clearvision-laser.ch\/app\/uploads\/2022\/08\/Dirk_Duwendag_730px.jpg\" class=\"img__card-element wp-post-image\" alt=\"\" srcset=\"https:\/\/www.clearvision-laser.ch\/app\/uploads\/2022\/08\/Dirk_Duwendag_730px.jpg 730w, https:\/\/www.clearvision-laser.ch\/app\/uploads\/2022\/08\/Dirk_Duwendag_730px-300x168.jpg 300w\" sizes=\"auto, (max-width: 730px) 100vw, 730px\" \/><\/div><div class=\"card-element-wrap__content useful-information-card-wrap__content\"><div class=\"card-element-wrap__inner useful-information-card-wrap__inner\"><h5 class=\"card-element-wrap__content-title useful-information-card-wrap__content-title semiBold\">\u00abDie Angst vorm Augenlasern m\u00fcsste nicht sein\u00bb<\/h5><p class=\"useful-information-card-wrap__content-excerpt mt8\">Viele Patient:innen f\u00fcrchten sich noch immer vor dem Augenlasern. Dr. med. Dirk Duwendag zeigt auf, warum die Angst unbegr\u00fcndet ist.<\/p><div class=\"button-wrap mt16\"><span class=\"button fill icon arrow\">Zum Artikel<\/span><\/div><\/div><\/div><\/div><\/a><\/div><div class=\"card-element useful-information-card \"><a href=\"https:\/\/www.clearvision-laser.ch\/de\/wissen\/voruntersuch-bei-augenlaserbehandlungen\/\" class=\"wrapper-link\"><div class=\"card-element-wrap useful-information-card-wrap\"><div class=\"card-element-wrap__image useful-information-card-wrap__image\"><img loading=\"lazy\" decoding=\"async\" width=\"676\" height=\"398\" src=\"https:\/\/www.clearvision-laser.ch\/app\/uploads\/2022\/08\/Voruntersuch.jpg\" class=\"img__card-element wp-post-image\" alt=\"\" srcset=\"https:\/\/www.clearvision-laser.ch\/app\/uploads\/2022\/08\/Voruntersuch.jpg 676w, https:\/\/www.clearvision-laser.ch\/app\/uploads\/2022\/08\/Voruntersuch-300x177.jpg 300w\" sizes=\"auto, (max-width: 676px) 100vw, 676px\" \/><\/div><div class=\"card-element-wrap__content useful-information-card-wrap__content\"><div class=\"card-element-wrap__inner useful-information-card-wrap__inner\"><h5 class=\"card-element-wrap__content-title useful-information-card-wrap__content-title semiBold\">Erstuntersuchung bei Augenlaserbehandlungen<\/h5><p class=\"useful-information-card-wrap__content-excerpt mt8\">Bei der Erstuntersuchung zu einer Augenlaserbehandlung wird der Patient auf eine grunds\u00e4tzliche Eignung gepr\u00fcft. Dabei stehen Aspekte wie St\u00e4rke der Fehlsichtigkeit, Stabilit\u00e4t der Brillenwerte oder auch Allergien im Vordergrund.<\/p><div class=\"button-wrap mt16\"><span class=\"button fill icon arrow\">Zum Artikel<\/span><\/div><\/div><\/div><\/div><\/a><\/div><div class=\"card-element useful-information-card \"><a href=\"https:\/\/www.clearvision-laser.ch\/de\/wissen\/small-incision-lenticule-extraction-smile-relex-augenlaser\/\" class=\"wrapper-link\"><div class=\"card-element-wrap useful-information-card-wrap\"><div class=\"card-element-wrap__image useful-information-card-wrap__image\"><img loading=\"lazy\" decoding=\"async\" width=\"676\" height=\"397\" src=\"https:\/\/www.clearvision-laser.ch\/app\/uploads\/2022\/08\/Messung_Corvis_Clearvision.jpg\" class=\"img__card-element wp-post-image\" alt=\"\" srcset=\"https:\/\/www.clearvision-laser.ch\/app\/uploads\/2022\/08\/Messung_Corvis_Clearvision.jpg 676w, https:\/\/www.clearvision-laser.ch\/app\/uploads\/2022\/08\/Messung_Corvis_Clearvision-300x176.jpg 300w\" sizes=\"auto, (max-width: 676px) 100vw, 676px\" \/><\/div><div class=\"card-element-wrap__content useful-information-card-wrap__content\"><div class=\"card-element-wrap__inner useful-information-card-wrap__inner\"><h5 class=\"card-element-wrap__content-title useful-information-card-wrap__content-title semiBold\">SMILE Pro\u00ae (ReLEx SMILE)<\/h5><p class=\"useful-information-card-wrap__content-excerpt mt8\">ReLEx SMILE (Small Incision Lenticule Extraction) ist eine der neuesten Augenlaser-Methoden zur Behandlung von Fehlsichtigkeiten. ClearVision ist der erste und bislang einzige Anbieter der weiterentwickelten SMILE-Pro-Methode in der Schweiz (VISUMAX 800). Mit dem hochpr\u00e4zisen Femtosekundenlaser von Zeiss wird die Hornhaut innert 30 Sekunden auf eine effektive und maximal schonende Weise ver\u00e4ndert, um die Fehlsichtigkeit zu korrigieren. Die ganze Operation dauert bloss 10 Minuten.<\/p><div class=\"button-wrap mt16\"><span class=\"button fill icon arrow\">Zum Artikel<\/span><\/div><\/div><\/div><\/div><\/a><\/div><div class=\"card-element useful-information-card \"><a href=\"https:\/\/www.clearvision-laser.ch\/de\/wissen\/warum-ist-die-tuerkei-va-istanbul-als-anbieter-so-praesent\/\" class=\"wrapper-link\"><div class=\"card-element-wrap useful-information-card-wrap\"><div class=\"card-element-wrap__image useful-information-card-wrap__image\"><img loading=\"lazy\" decoding=\"async\" width=\"730\" height=\"410\" src=\"https:\/\/www.clearvision-laser.ch\/app\/uploads\/2022\/08\/Auge-farbig.jpg\" class=\"img__card-element wp-post-image\" alt=\"\" srcset=\"https:\/\/www.clearvision-laser.ch\/app\/uploads\/2022\/08\/Auge-farbig.jpg 730w, https:\/\/www.clearvision-laser.ch\/app\/uploads\/2022\/08\/Auge-farbig-300x168.jpg 300w\" sizes=\"auto, (max-width: 730px) 100vw, 730px\" \/><\/div><div class=\"card-element-wrap__content useful-information-card-wrap__content\"><div class=\"card-element-wrap__inner useful-information-card-wrap__inner\"><h5 class=\"card-element-wrap__content-title useful-information-card-wrap__content-title semiBold\">Warum ist die T\u00fcrkei (v.a. Istanbul) als Anbieter so pr\u00e4sent?<\/h5><p class=\"useful-information-card-wrap__content-excerpt mt8\">Viele Schweizer gehen f\u00fcr eine Augenlaserbehandlung ins Ausland, vorwiegend der Kosten wegen. Besonders Istanbul in der T\u00fcrkei geniesst dabei einen guten Ruf. Nicht vergessen werden d\u00fcrfen hier die entstehenden Nebenkosten, die sich schnell summieren k\u00f6nnen.<\/p><div class=\"button-wrap mt16\"><span class=\"button fill icon arrow\">Zum Artikel<\/span><\/div><\/div><\/div><\/div><\/a><\/div><div class=\"card-element useful-information-card \"><a href=\"https:\/\/www.clearvision-laser.ch\/de\/wissen\/transepitheliale-photorefraktive-keratektomie-trans-prk-augenlaser\/\" class=\"wrapper-link\"><div class=\"card-element-wrap useful-information-card-wrap\"><div class=\"card-element-wrap__image useful-information-card-wrap__image\"><img loading=\"lazy\" decoding=\"async\" width=\"710\" height=\"413\" src=\"https:\/\/www.clearvision-laser.ch\/app\/uploads\/2022\/08\/AdobeStock_216671660-1-1-1.jpeg\" class=\"img__card-element wp-post-image\" alt=\"\" srcset=\"https:\/\/www.clearvision-laser.ch\/app\/uploads\/2022\/08\/AdobeStock_216671660-1-1-1.jpeg 710w, https:\/\/www.clearvision-laser.ch\/app\/uploads\/2022\/08\/AdobeStock_216671660-1-1-1-300x175.jpeg 300w\" sizes=\"auto, (max-width: 710px) 100vw, 710px\" \/><\/div><div class=\"card-element-wrap__content useful-information-card-wrap__content\"><div class=\"card-element-wrap__inner useful-information-card-wrap__inner\"><h5 class=\"card-element-wrap__content-title useful-information-card-wrap__content-title semiBold\">Transepitheliale Photorefraktive Keratektomie (Trans PRK)<\/h5><p class=\"useful-information-card-wrap__content-excerpt mt8\">Die Transepitheliale Photorefraktive Keratektomie (Trans PRK) ist eine Augenlasermethode und der Nachfolger der PRK. Die Trans-PRK behandelt die Hornhaut ber\u00fchrungsfrei.<\/p><div class=\"button-wrap mt16\"><span class=\"button fill icon arrow\">Zum Artikel<\/span><\/div><\/div><\/div><\/div><\/a><\/div><div class=\"card-element useful-information-card \"><a href=\"https:\/\/www.clearvision-laser.ch\/de\/wissen\/linsenimplantation\/\" class=\"wrapper-link\"><div class=\"card-element-wrap useful-information-card-wrap\"><div class=\"card-element-wrap__image useful-information-card-wrap__image\"><img loading=\"lazy\" decoding=\"async\" width=\"730\" height=\"410\" src=\"https:\/\/www.clearvision-laser.ch\/app\/uploads\/2022\/08\/Linse-einsetzen.jpg\" class=\"img__card-element wp-post-image\" alt=\"\" srcset=\"https:\/\/www.clearvision-laser.ch\/app\/uploads\/2022\/08\/Linse-einsetzen.jpg 730w, https:\/\/www.clearvision-laser.ch\/app\/uploads\/2022\/08\/Linse-einsetzen-300x168.jpg 300w\" sizes=\"auto, (max-width: 730px) 100vw, 730px\" \/><\/div><div class=\"card-element-wrap__content useful-information-card-wrap__content\"><div class=\"card-element-wrap__inner useful-information-card-wrap__inner\"><h5 class=\"card-element-wrap__content-title useful-information-card-wrap__content-title semiBold\">Linsenimplantation (ICL Methode)<\/h5><p class=\"useful-information-card-wrap__content-excerpt mt8\">Die Linsenimplantation (ICL) stellt eine Alternative zu Augenlasern und Brillen\/Kontaktlinsen dar, wenn es um die Behandlung einer Fehlsichtigkeit geht.<\/p><div class=\"button-wrap mt16\"><span class=\"button fill icon arrow\">Zum Artikel<\/span><\/div><\/div><\/div><\/div><\/a><\/div><div class=\"card-element useful-information-card \"><a href=\"https:\/\/www.clearvision-laser.ch\/de\/wissen\/femto-lasik-augenlaser\/\" class=\"wrapper-link\"><div class=\"card-element-wrap useful-information-card-wrap\"><div class=\"card-element-wrap__image useful-information-card-wrap__image\"><img loading=\"lazy\" decoding=\"async\" width=\"710\" height=\"412\" src=\"https:\/\/www.clearvision-laser.ch\/app\/uploads\/2022\/08\/Mann_mit_Velo.jpg\" class=\"img__card-element wp-post-image\" alt=\"\" srcset=\"https:\/\/www.clearvision-laser.ch\/app\/uploads\/2022\/08\/Mann_mit_Velo.jpg 710w, https:\/\/www.clearvision-laser.ch\/app\/uploads\/2022\/08\/Mann_mit_Velo-300x174.jpg 300w\" sizes=\"auto, (max-width: 710px) 100vw, 710px\" \/><\/div><div class=\"card-element-wrap__content useful-information-card-wrap__content\"><div class=\"card-element-wrap__inner useful-information-card-wrap__inner\"><h5 class=\"card-element-wrap__content-title useful-information-card-wrap__content-title semiBold\">Femto-LASIK (Laser-in-situ-Keratomileusis)<\/h5><p class=\"useful-information-card-wrap__content-excerpt mt8\">Die Femto-LASIK (Laser-in-situ-Keratomileusis) ist die moderne Version der LASIK-Methode. Im Unterschied zur herk\u00f6mmlichen Methode wird hier bereits beim ersten Schritt (Er\u00f6ffnung der Hornhaut) mit dem Laser gearbeitet.<\/p><div class=\"button-wrap mt16\"><span class=\"button fill icon arrow\">Zum Artikel<\/span><\/div><\/div><\/div><\/div><\/a><\/div><div class=\"card-element useful-information-card \"><a href=\"https:\/\/www.clearvision-laser.ch\/de\/wissen\/erfahrungsbericht-transprk-operation\/\" class=\"wrapper-link\"><div class=\"card-element-wrap useful-information-card-wrap\"><div class=\"card-element-wrap__image useful-information-card-wrap__image\"><img loading=\"lazy\" decoding=\"async\" width=\"729\" height=\"410\" src=\"https:\/\/www.clearvision-laser.ch\/app\/uploads\/2022\/08\/braun-gru\u0308nes-Auge.jpg\" class=\"img__card-element wp-post-image\" alt=\"\" srcset=\"https:\/\/www.clearvision-laser.ch\/app\/uploads\/2022\/08\/braun-gru\u0308nes-Auge.jpg 729w, https:\/\/www.clearvision-laser.ch\/app\/uploads\/2022\/08\/braun-gru\u0308nes-Auge-300x169.jpg 300w\" sizes=\"auto, (max-width: 729px) 100vw, 729px\" \/><\/div><div class=\"card-element-wrap__content useful-information-card-wrap__content\"><div class=\"card-element-wrap__inner useful-information-card-wrap__inner\"><h5 class=\"card-element-wrap__content-title useful-information-card-wrap__content-title semiBold\">Erfahrungsbericht Trans-PRK Operation<\/h5><p class=\"useful-information-card-wrap__content-excerpt mt8\">Nachdem im Fr\u00fchling bereits meine Freundin ihre Augen mit Trans PRK gelasert hat und mit dem Resultat sehr zufrieden war, habe ich mich diesen Herbst ebenfalls dazu entschlossen.<\/p><div class=\"button-wrap mt16\"><span class=\"button fill icon arrow\">Zum Artikel<\/span><\/div><\/div><\/div><\/div><\/a><\/div><div class=\"card-element useful-information-card \"><a href=\"https:\/\/www.clearvision-laser.ch\/de\/wissen\/augenlaserbehandlung-bei-vorerkrankungenen\/\" class=\"wrapper-link\"><div class=\"card-element-wrap useful-information-card-wrap\"><div class=\"card-element-wrap__image useful-information-card-wrap__image\"><img loading=\"lazy\" decoding=\"async\" width=\"730\" height=\"410\" src=\"https:\/\/www.clearvision-laser.ch\/app\/uploads\/2022\/08\/Augen_Sommersprossen.jpg\" class=\"img__card-element wp-post-image\" alt=\"\" srcset=\"https:\/\/www.clearvision-laser.ch\/app\/uploads\/2022\/08\/Augen_Sommersprossen.jpg 730w, https:\/\/www.clearvision-laser.ch\/app\/uploads\/2022\/08\/Augen_Sommersprossen-300x168.jpg 300w\" sizes=\"auto, (max-width: 730px) 100vw, 730px\" \/><\/div><div class=\"card-element-wrap__content useful-information-card-wrap__content\"><div class=\"card-element-wrap__inner useful-information-card-wrap__inner\"><h5 class=\"card-element-wrap__content-title useful-information-card-wrap__content-title semiBold\">Augenlaserbehandlung bei Vorerkrankungen<\/h5><p class=\"useful-information-card-wrap__content-excerpt mt8\">Vorerkrankungen wie Diabetes Mellitus oder ein grauer oder gr\u00fcner Star k\u00f6nnen die Eignung f\u00fcr eine Augenlaserbehandlung beeinflussen.<\/p><div class=\"button-wrap mt16\"><span class=\"button fill icon arrow\">Zum Artikel<\/span><\/div><\/div><\/div><\/div><\/a><\/div><div class=\"card-element useful-information-card \"><a href=\"https:\/\/www.clearvision-laser.ch\/de\/wissen\/ablauf-augenlaserbehandlung\/\" class=\"wrapper-link\"><div class=\"card-element-wrap useful-information-card-wrap\"><div class=\"card-element-wrap__image useful-information-card-wrap__image\"><img loading=\"lazy\" decoding=\"async\" width=\"730\" height=\"410\" src=\"https:\/\/www.clearvision-laser.ch\/app\/uploads\/2022\/08\/Junge-Frau_Unters..jpg\" class=\"img__card-element wp-post-image\" alt=\"\" srcset=\"https:\/\/www.clearvision-laser.ch\/app\/uploads\/2022\/08\/Junge-Frau_Unters..jpg 730w, https:\/\/www.clearvision-laser.ch\/app\/uploads\/2022\/08\/Junge-Frau_Unters.-300x168.jpg 300w\" sizes=\"auto, (max-width: 730px) 100vw, 730px\" \/><\/div><div class=\"card-element-wrap__content useful-information-card-wrap__content\"><div class=\"card-element-wrap__inner useful-information-card-wrap__inner\"><h5 class=\"card-element-wrap__content-title useful-information-card-wrap__content-title semiBold\">Augenlaserbehandlung &#8211; Ablauf<\/h5><p class=\"useful-information-card-wrap__content-excerpt mt8\">Neben Vor- und Nachuntersuchung ist die Augenlaser Operation der Kern einer Augenlaserbehandlung. Die OP selbst dauert dabei in der Regel maximal 10 Minuten.<\/p><div class=\"button-wrap mt16\"><span class=\"button fill icon arrow\">Zum Artikel<\/span><\/div><\/div><\/div><\/div><\/a><\/div><div class=\"card-element useful-information-card \"><a href=\"https:\/\/www.clearvision-laser.ch\/de\/wissen\/kosten-augenlaser\/\" class=\"wrapper-link\"><div class=\"card-element-wrap useful-information-card-wrap\"><div class=\"card-element-wrap__image useful-information-card-wrap__image\"><img loading=\"lazy\" decoding=\"async\" width=\"730\" height=\"410\" src=\"https:\/\/www.clearvision-laser.ch\/app\/uploads\/2022\/08\/Beratungsgespra\u0308ch.jpg\" class=\"img__card-element wp-post-image\" alt=\"\" srcset=\"https:\/\/www.clearvision-laser.ch\/app\/uploads\/2022\/08\/Beratungsgespra\u0308ch.jpg 730w, https:\/\/www.clearvision-laser.ch\/app\/uploads\/2022\/08\/Beratungsgespra\u0308ch-300x168.jpg 300w\" sizes=\"auto, (max-width: 730px) 100vw, 730px\" \/><\/div><div class=\"card-element-wrap__content useful-information-card-wrap__content\"><div class=\"card-element-wrap__inner useful-information-card-wrap__inner\"><h5 class=\"card-element-wrap__content-title useful-information-card-wrap__content-title semiBold\">Augenlaser-Kosten: Was kostet Augenlasern bei ClearVision?<\/h5><p class=\"useful-information-card-wrap__content-excerpt mt8\">Unsere Augen lasern Kosten sind transparent und fair. Alle angebotenen Methoden (Trans-PRK, Femto-Lasik &#038; Cleartouch) kosten einheitlich CHF 1&#8217;480 pro Auge.<\/p><div class=\"button-wrap mt16\"><span class=\"button fill icon arrow\">Zum Artikel<\/span><\/div><\/div><\/div><\/div><\/a><\/div><div class=\"card-element useful-information-card \"><a href=\"https:\/\/www.clearvision-laser.ch\/de\/wissen\/hornhautverkruemmung-astigmatismus\/\" class=\"wrapper-link\"><div class=\"card-element-wrap useful-information-card-wrap\"><div class=\"card-element-wrap__image useful-information-card-wrap__image\"><img loading=\"lazy\" decoding=\"async\" width=\"730\" height=\"410\" src=\"https:\/\/www.clearvision-laser.ch\/app\/uploads\/2022\/08\/Auge-farbig.jpg\" class=\"img__card-element wp-post-image\" alt=\"\" srcset=\"https:\/\/www.clearvision-laser.ch\/app\/uploads\/2022\/08\/Auge-farbig.jpg 730w, https:\/\/www.clearvision-laser.ch\/app\/uploads\/2022\/08\/Auge-farbig-300x168.jpg 300w\" sizes=\"auto, (max-width: 730px) 100vw, 730px\" \/><\/div><div class=\"card-element-wrap__content useful-information-card-wrap__content\"><div class=\"card-element-wrap__inner useful-information-card-wrap__inner\"><h5 class=\"card-element-wrap__content-title useful-information-card-wrap__content-title semiBold\">Augen lasern bei einer Hornhautverkr\u00fcmmung<\/h5><p class=\"useful-information-card-wrap__content-excerpt mt8\">Die Hornhautverkr\u00fcmmung, auch Astigmatismus genannt, ist eine Verkr\u00fcmmung der Hornhaut. Diese Verkr\u00fcmmung l\u00e4sst sich durch eine Laser-OP grunds\u00e4tzlich problemlos korrigieren.<\/p><div class=\"button-wrap mt16\"><span class=\"button fill icon arrow\">Zum Artikel<\/span><\/div><\/div><\/div><\/div><\/a><\/div><\/div><div class=\"button-wrap button-wrap-center mt48 mb48\"><a style=\"display: none;\" class=\"button dark icon plus query-block__load-more\" href=\"#\">Mehr Artikel laden<\/a><\/div><\/div><\/div><\/div>","protected":false},"excerpt":{"rendered":"","protected":false},"author":14,"featured_media":0,"parent":0,"menu_order":0,"comment_status":"closed","ping_status":"closed","template":"","meta":{"_acf_changed":false,"footnotes":""},"class_list":["post-277","page","type-page","status-publish","hentry"],"acf":[],"yoast_head":"<!-- This site is optimized with the Yoast SEO plugin v26.2 - https:\/\/yoast.com\/wordpress\/plugins\/seo\/ -->\n<title>Wissenwertes - ClearVision Augenlasern<\/title>\n<meta name=\"robots\" content=\"index, follow, max-snippet:-1, max-image-preview:large, max-video-preview:-1\" \/>\n<link rel=\"canonical\" href=\"https:\/\/www.clearvision-laser.ch\/de\/wissen\/\" \/>\n<meta property=\"og:locale\" content=\"de_DE\" \/>\n<meta property=\"og:type\" content=\"article\" \/>\n<meta property=\"og:title\" content=\"Wissenwertes - ClearVision Augenlasern\" \/>\n<meta property=\"og:url\" content=\"https:\/\/www.clearvision-laser.ch\/de\/wissen\/\" \/>\n<meta property=\"og:site_name\" content=\"ClearVision Augenlasern\" \/>\n<meta property=\"article:modified_time\" content=\"2025-12-11T09:40:24+00:00\" \/>\n<meta name=\"twitter:card\" content=\"summary_large_image\" \/>\n<script type=\"application\/ld+json\" class=\"yoast-schema-graph\">{\"@context\":\"https:\/\/schema.org\",\"@graph\":[{\"@type\":\"WebPage\",\"@id\":\"https:\/\/www.clearvision-laser.ch\/de\/wissen\/\",\"url\":\"https:\/\/www.clearvision-laser.ch\/de\/wissen\/\",\"name\":\"Wissenwertes - ClearVision Augenlasern\",\"isPartOf\":{\"@id\":\"https:\/\/www.clearvision-laser.ch\/de\/#website\"},\"datePublished\":\"2022-07-29T13:30:54+00:00\",\"dateModified\":\"2025-12-11T09:40:24+00:00\",\"breadcrumb\":{\"@id\":\"https:\/\/www.clearvision-laser.ch\/de\/wissen\/#breadcrumb\"},\"inLanguage\":\"de-DE\",\"potentialAction\":[{\"@type\":\"ReadAction\",\"target\":[\"https:\/\/www.clearvision-laser.ch\/de\/wissen\/\"]}]},{\"@type\":\"BreadcrumbList\",\"@id\":\"https:\/\/www.clearvision-laser.ch\/de\/wissen\/#breadcrumb\",\"itemListElement\":[{\"@type\":\"ListItem\",\"position\":1,\"name\":\"Home\",\"item\":\"https:\/\/www.clearvision-laser.ch\/de\/\"},{\"@type\":\"ListItem\",\"position\":2,\"name\":\"Wissenwertes\"}]},{\"@type\":\"WebSite\",\"@id\":\"https:\/\/www.clearvision-laser.ch\/de\/#website\",\"url\":\"https:\/\/www.clearvision-laser.ch\/de\/\",\"name\":\"ClearVision Augenlasern\",\"description\":\"\",\"publisher\":{\"@id\":\"https:\/\/www.clearvision-laser.ch\/de\/#organization\"},\"potentialAction\":[{\"@type\":\"SearchAction\",\"target\":{\"@type\":\"EntryPoint\",\"urlTemplate\":\"https:\/\/www.clearvision-laser.ch\/de\/?s={search_term_string}\"},\"query-input\":{\"@type\":\"PropertyValueSpecification\",\"valueRequired\":true,\"valueName\":\"search_term_string\"}}],\"inLanguage\":\"de-DE\"},{\"@type\":\"Organization\",\"@id\":\"https:\/\/www.clearvision-laser.ch\/de\/#organization\",\"name\":\"ClearVision\",\"url\":\"https:\/\/www.clearvision-laser.ch\/de\/\",\"logo\":{\"@type\":\"ImageObject\",\"inLanguage\":\"de-DE\",\"@id\":\"https:\/\/www.clearvision-laser.ch\/de\/#\/schema\/logo\/image\/\",\"url\":\"https:\/\/www.clearvision-laser.ch\/app\/uploads\/2025\/11\/clearvision-logo.svg\",\"contentUrl\":\"https:\/\/www.clearvision-laser.ch\/app\/uploads\/2025\/11\/clearvision-logo.svg\",\"caption\":\"ClearVision\"},\"image\":{\"@id\":\"https:\/\/www.clearvision-laser.ch\/de\/#\/schema\/logo\/image\/\"}}]}<\/script>\n<!-- \/ Yoast SEO plugin. -->","yoast_head_json":{"title":"Wissenwertes - ClearVision Augenlasern","robots":{"index":"index","follow":"follow","max-snippet":"max-snippet:-1","max-image-preview":"max-image-preview:large","max-video-preview":"max-video-preview:-1"},"canonical":"https:\/\/www.clearvision-laser.ch\/de\/wissen\/","og_locale":"de_DE","og_type":"article","og_title":"Wissenwertes - ClearVision Augenlasern","og_url":"https:\/\/www.clearvision-laser.ch\/de\/wissen\/","og_site_name":"ClearVision Augenlasern","article_modified_time":"2025-12-11T09:40:24+00:00","twitter_card":"summary_large_image","schema":{"@context":"https:\/\/schema.org","@graph":[{"@type":"WebPage","@id":"https:\/\/www.clearvision-laser.ch\/de\/wissen\/","url":"https:\/\/www.clearvision-laser.ch\/de\/wissen\/","name":"Wissenwertes - ClearVision Augenlasern","isPartOf":{"@id":"https:\/\/www.clearvision-laser.ch\/de\/#website"},"datePublished":"2022-07-29T13:30:54+00:00","dateModified":"2025-12-11T09:40:24+00:00","breadcrumb":{"@id":"https:\/\/www.clearvision-laser.ch\/de\/wissen\/#breadcrumb"},"inLanguage":"de-DE","potentialAction":[{"@type":"ReadAction","target":["https:\/\/www.clearvision-laser.ch\/de\/wissen\/"]}]},{"@type":"BreadcrumbList","@id":"https:\/\/www.clearvision-laser.ch\/de\/wissen\/#breadcrumb","itemListElement":[{"@type":"ListItem","position":1,"name":"Home","item":"https:\/\/www.clearvision-laser.ch\/de\/"},{"@type":"ListItem","position":2,"name":"Wissenwertes"}]},{"@type":"WebSite","@id":"https:\/\/www.clearvision-laser.ch\/de\/#website","url":"https:\/\/www.clearvision-laser.ch\/de\/","name":"ClearVision Augenlasern","description":"","publisher":{"@id":"https:\/\/www.clearvision-laser.ch\/de\/#organization"},"potentialAction":[{"@type":"SearchAction","target":{"@type":"EntryPoint","urlTemplate":"https:\/\/www.clearvision-laser.ch\/de\/?s={search_term_string}"},"query-input":{"@type":"PropertyValueSpecification","valueRequired":true,"valueName":"search_term_string"}}],"inLanguage":"de-DE"},{"@type":"Organization","@id":"https:\/\/www.clearvision-laser.ch\/de\/#organization","name":"ClearVision","url":"https:\/\/www.clearvision-laser.ch\/de\/","logo":{"@type":"ImageObject","inLanguage":"de-DE","@id":"https:\/\/www.clearvision-laser.ch\/de\/#\/schema\/logo\/image\/","url":"https:\/\/www.clearvision-laser.ch\/app\/uploads\/2025\/11\/clearvision-logo.svg","contentUrl":"https:\/\/www.clearvision-laser.ch\/app\/uploads\/2025\/11\/clearvision-logo.svg","caption":"ClearVision"},"image":{"@id":"https:\/\/www.clearvision-laser.ch\/de\/#\/schema\/logo\/image\/"}}]}},"_links":{"self":[{"href":"https:\/\/www.clearvision-laser.ch\/de\/wp-json\/wp\/v2\/pages\/277","targetHints":{"allow":["GET"]}}],"collection":[{"href":"https:\/\/www.clearvision-laser.ch\/de\/wp-json\/wp\/v2\/pages"}],"about":[{"href":"https:\/\/www.clearvision-laser.ch\/de\/wp-json\/wp\/v2\/types\/page"}],"author":[{"embeddable":true,"href":"https:\/\/www.clearvision-laser.ch\/de\/wp-json\/wp\/v2\/users\/14"}],"replies":[{"embeddable":true,"href":"https:\/\/www.clearvision-laser.ch\/de\/wp-json\/wp\/v2\/comments?post=277"}],"version-history":[{"count":7,"href":"https:\/\/www.clearvision-laser.ch\/de\/wp-json\/wp\/v2\/pages\/277\/revisions"}],"predecessor-version":[{"id":12767,"href":"https:\/\/www.clearvision-laser.ch\/de\/wp-json\/wp\/v2\/pages\/277\/revisions\/12767"}],"wp:attachment":[{"href":"https:\/\/www.clearvision-laser.ch\/de\/wp-json\/wp\/v2\/media?parent=277"}],"curies":[{"name":"wp","href":"https:\/\/api.w.org\/{rel}","templated":true}]}}